{"id":813,"date":"2019-03-07T22:35:29","date_gmt":"2019-03-07T21:35:29","guid":{"rendered":"https:\/\/job-alliance.com\/accueil\/"},"modified":"2019-10-21T20:46:25","modified_gmt":"2019-10-21T18:46:25","slug":"inicio","status":"publish","type":"page","link":"https:\/\/job-alliance.com\/es\/","title":{"rendered":"Inicio"},"content":{"rendered":"","protected":false},"excerpt":{"rendered":"","protected":false},"author":1,"featured_media":0,"parent":0,"menu_order":2,"comment_status":"closed","ping_status":"closed","template":"home.php","meta":{"footnotes":""},"class_list":["post-813","page","type-page","status-publish","hentry"],"yoast_head":"<!-- This site is optimized with the Yoast SEO plugin v25.5 - https:\/\/yoast.com\/wordpress\/plugins\/seo\/ -->\n<title>Job Alliance \u2013 Serviciostodo incluido de reclutamiento internacional<\/title>\n<meta name=\"description\" content=\"Nuestros expertosen contrataci\u00f3n e integraci\u00f3n de trabajadoresextranjeros le ayudar\u00e1n a llenar r\u00e1pidamente susvacantes.\" \/>\n<meta name=\"robots\" content=\"index, follow, max-snippet:-1, max-image-preview:large, max-video-preview:-1\" \/>\n<link rel=\"canonical\" href=\"https:\/\/www.job-alliance.com\/es\/\" \/>\n<meta property=\"og:locale\" content=\"es_ES\" \/>\n<meta property=\"og:type\" content=\"article\" \/>\n<meta property=\"og:title\" content=\"Job Alliance \u2013 Serviciostodo incluido de reclutamiento internacional\" \/>\n<meta property=\"og:description\" content=\"Nuestros expertosen contrataci\u00f3n e integraci\u00f3n de trabajadoresextranjeros le ayudar\u00e1n a llenar r\u00e1pidamente susvacantes.\" \/>\n<meta property=\"og:url\" content=\"https:\/\/www.job-alliance.com\/es\/\" \/>\n<meta property=\"og:site_name\" content=\"Job Alliance\" \/>\n<meta property=\"article:modified_time\" content=\"2019-10-21T18:46:25+00:00\" \/>\n<meta property=\"og:image\" content=\"https:\/\/www.job-alliance.com\/content\/uploads\/2019\/04\/iStock-175490222.jpg\" \/>\n\t<meta property=\"og:image:width\" content=\"2560\" \/>\n\t<meta property=\"og:image:height\" content=\"1706\" \/>\n\t<meta property=\"og:image:type\" content=\"image\/jpeg\" \/>\n<meta name=\"twitter:card\" content=\"summary_large_image\" \/>\n<script type=\"application\/ld+json\" class=\"yoast-schema-graph\">{\"@context\":\"https:\/\/schema.org\",\"@graph\":[{\"@type\":\"WebPage\",\"@id\":\"https:\/\/www.job-alliance.com\/es\/\",\"url\":\"https:\/\/www.job-alliance.com\/es\/\",\"name\":\"Job Alliance \u2013 Serviciostodo incluido de reclutamiento internacional\",\"isPartOf\":{\"@id\":\"https:\/\/job-alliance.com\/en\/#website\"},\"datePublished\":\"2019-03-07T21:35:29+00:00\",\"dateModified\":\"2019-10-21T18:46:25+00:00\",\"description\":\"Nuestros expertosen contrataci\u00f3n e integraci\u00f3n de trabajadoresextranjeros le ayudar\u00e1n a llenar r\u00e1pidamente susvacantes.\",\"breadcrumb\":{\"@id\":\"https:\/\/www.job-alliance.com\/es\/#breadcrumb\"},\"inLanguage\":\"es-ES\",\"potentialAction\":[{\"@type\":\"ReadAction\",\"target\":[\"https:\/\/www.job-alliance.com\/es\/\"]}]},{\"@type\":\"BreadcrumbList\",\"@id\":\"https:\/\/www.job-alliance.com\/es\/#breadcrumb\",\"itemListElement\":[{\"@type\":\"ListItem\",\"position\":1,\"name\":\"Home\",\"item\":\"https:\/\/www.job-alliance.com\/es\/\"},{\"@type\":\"ListItem\",\"position\":2,\"name\":\"Inicio\"}]},{\"@type\":\"WebSite\",\"@id\":\"https:\/\/job-alliance.com\/en\/#website\",\"url\":\"https:\/\/job-alliance.com\/en\/\",\"name\":\"Job Alliance\",\"description\":\"Job Alliance \u2013 Services cl\u00e9s en main de recrutement international\",\"potentialAction\":[{\"@type\":\"SearchAction\",\"target\":{\"@type\":\"EntryPoint\",\"urlTemplate\":\"https:\/\/job-alliance.com\/en\/?s={search_term_string}\"},\"query-input\":{\"@type\":\"PropertyValueSpecification\",\"valueRequired\":true,\"valueName\":\"search_term_string\"}}],\"inLanguage\":\"es-ES\"}]}<\/script>\n<!-- \/ Yoast SEO plugin. -->","yoast_head_json":{"title":"Job Alliance \u2013 Serviciostodo incluido de reclutamiento internacional","description":"Nuestros expertosen contrataci\u00f3n e integraci\u00f3n de trabajadoresextranjeros le ayudar\u00e1n a llenar r\u00e1pidamente susvacantes.","robots":{"index":"index","follow":"follow","max-snippet":"max-snippet:-1","max-image-preview":"max-image-preview:large","max-video-preview":"max-video-preview:-1"},"canonical":"https:\/\/www.job-alliance.com\/es\/","og_locale":"es_ES","og_type":"article","og_title":"Job Alliance \u2013 Serviciostodo incluido de reclutamiento internacional","og_description":"Nuestros expertosen contrataci\u00f3n e integraci\u00f3n de trabajadoresextranjeros le ayudar\u00e1n a llenar r\u00e1pidamente susvacantes.","og_url":"https:\/\/www.job-alliance.com\/es\/","og_site_name":"Job Alliance","article_modified_time":"2019-10-21T18:46:25+00:00","og_image":[{"width":2560,"height":1706,"url":"https:\/\/www.job-alliance.com\/content\/uploads\/2019\/04\/iStock-175490222.jpg","type":"image\/jpeg"}],"twitter_card":"summary_large_image","schema":{"@context":"https:\/\/schema.org","@graph":[{"@type":"WebPage","@id":"https:\/\/www.job-alliance.com\/es\/","url":"https:\/\/www.job-alliance.com\/es\/","name":"Job Alliance \u2013 Serviciostodo incluido de reclutamiento internacional","isPartOf":{"@id":"https:\/\/job-alliance.com\/en\/#website"},"datePublished":"2019-03-07T21:35:29+00:00","dateModified":"2019-10-21T18:46:25+00:00","description":"Nuestros expertosen contrataci\u00f3n e integraci\u00f3n de trabajadoresextranjeros le ayudar\u00e1n a llenar r\u00e1pidamente susvacantes.","breadcrumb":{"@id":"https:\/\/www.job-alliance.com\/es\/#breadcrumb"},"inLanguage":"es-ES","potentialAction":[{"@type":"ReadAction","target":["https:\/\/www.job-alliance.com\/es\/"]}]},{"@type":"BreadcrumbList","@id":"https:\/\/www.job-alliance.com\/es\/#breadcrumb","itemListElement":[{"@type":"ListItem","position":1,"name":"Home","item":"https:\/\/www.job-alliance.com\/es\/"},{"@type":"ListItem","position":2,"name":"Inicio"}]},{"@type":"WebSite","@id":"https:\/\/job-alliance.com\/en\/#website","url":"https:\/\/job-alliance.com\/en\/","name":"Job Alliance","description":"Job Alliance \u2013 Services cl\u00e9s en main de recrutement international","potentialAction":[{"@type":"SearchAction","target":{"@type":"EntryPoint","urlTemplate":"https:\/\/job-alliance.com\/en\/?s={search_term_string}"},"query-input":{"@type":"PropertyValueSpecification","valueRequired":true,"valueName":"search_term_string"}}],"inLanguage":"es-ES"}]}},"_links":{"self":[{"href":"https:\/\/job-alliance.com\/es\/wp-json\/wp\/v2\/pages\/813\/"}],"collection":[{"href":"https:\/\/job-alliance.com\/es\/wp-json\/wp\/v2\/pages\/"}],"about":[{"href":"https:\/\/job-alliance.com\/es\/wp-json\/wp\/v2\/types\/page\/"}],"author":[{"embeddable":true,"href":"https:\/\/job-alliance.com\/es\/wp-json\/wp\/v2\/users\/1\/"}],"replies":[{"embeddable":true,"href":"https:\/\/job-alliance.com\/es\/wp-json\/wp\/v2\/comments\/?post=813"}],"version-history":[{"count":11,"href":"https:\/\/job-alliance.com\/es\/wp-json\/wp\/v2\/pages\/813\/revisions\/"}],"predecessor-version":[{"id":1052,"href":"https:\/\/job-alliance.com\/es\/wp-json\/wp\/v2\/pages\/813\/revisions\/1052\/"}],"wp:attachment":[{"href":"https:\/\/job-alliance.com\/es\/wp-json\/wp\/v2\/media\/?parent=813"}],"curies":[{"name":"wp","href":"https:\/\/api.w.org\/{rel}","templated":true}]}}